{"id":34695,"date":"2025-12-10T15:28:15","date_gmt":"2025-12-10T14:28:15","guid":{"rendered":"https:\/\/arbeitgeber.de\/?page_id=34695"},"modified":"2025-12-17T11:24:29","modified_gmt":"2025-12-17T10:24:29","slug":"harnessing-the-potential-of-international-students-and-trainees-for-germanys-future","status":"publish","type":"page","link":"https:\/\/arbeitgeber.de\/en\/harnessing-the-potential-of-international-students-and-trainees-for-germanys-future\/","title":{"rendered":"Harnessing the potential of international students and trainees for Germany&#8217;s future"},"content":{"rendered":"","protected":false},"excerpt":{"rendered":"","protected":false},"author":9,"featured_media":34699,"parent":0,"menu_order":0,"comment_status":"closed","ping_status":"closed","template":"","meta":{"inline_featured_image":false,"footnotes":""},"categories":[899,927],"tags":[1979,2078,1985],"class_list":["post-34695","page","type-page","status-publish","has-post-thumbnail","hentry","category-agenda-en","category-agenda-sonderthema-en","tag-bda-agenda","tag-special-feature-of-the-week","tag-extra-of-the-week"],"yoast_head":"<!-- This site is optimized with the Yoast SEO Premium plugin v27.2 (Yoast SEO v27.3) - https:\/\/yoast.com\/product\/yoast-seo-premium-wordpress\/ -->\n<title>Unlock Global Talent for Germany\u2019s Future<\/title>\n<meta name=\"description\" content=\"Germany must attract and retain international students and trainees to secure skilled labor and future prosperity.\" \/>\n<meta name=\"robots\" content=\"index, follow, max-snippet:-1, max-image-preview:large, max-video-preview:-1\" \/>\n<link rel=\"canonical\" href=\"https:\/\/arbeitgeber.de\/en\/harnessing-the-potential-of-international-students-and-trainees-for-germanys-future\/\" \/>\n<meta property=\"og:locale\" content=\"en_US\" \/>\n<meta property=\"og:type\" content=\"article\" \/>\n<meta property=\"og:title\" content=\"Harnessing the potential of international students and trainees for Germany&#039;s future\" \/>\n<meta property=\"og:url\" content=\"https:\/\/arbeitgeber.de\/en\/harnessing-the-potential-of-international-students-and-trainees-for-germanys-future\/\" \/>\n<meta property=\"og:site_name\" content=\"die Arbeitgeber\" \/>\n<meta property=\"article:modified_time\" content=\"2025-12-17T10:24:29+00:00\" \/>\n<meta property=\"og:image\" content=\"https:\/\/arbeitgeber.de\/wp-content\/uploads\/bda-arbeitgeber-agenda-themaderwoche-studierende-2025_25-552x274-1.png\" \/>\n\t<meta property=\"og:image:width\" content=\"552\" \/>\n\t<meta property=\"og:image:height\" content=\"274\" \/>\n\t<meta property=\"og:image:type\" content=\"image\/png\" \/>\n<meta name=\"twitter:card\" content=\"summary_large_image\" \/>\n<meta name=\"twitter:site\" content=\"@DieBDA\" \/>\n<meta name=\"twitter:label1\" content=\"Est. reading time\" \/>\n\t<meta name=\"twitter:data1\" content=\"1 minute\" \/>\n<script type=\"application\/ld+json\" class=\"yoast-schema-graph\">{\"@context\":\"https:\\\/\\\/schema.org\",\"@graph\":[{\"@type\":\"WebPage\",\"@id\":\"https:\\\/\\\/arbeitgeber.de\\\/en\\\/harnessing-the-potential-of-international-students-and-trainees-for-germanys-future\\\/\",\"url\":\"https:\\\/\\\/arbeitgeber.de\\\/en\\\/harnessing-the-potential-of-international-students-and-trainees-for-germanys-future\\\/\",\"name\":\"Unlock Global Talent for Germany\u2019s Future\",\"isPartOf\":{\"@id\":\"https:\\\/\\\/arbeitgeber.de\\\/#website\"},\"primaryImageOfPage\":{\"@id\":\"https:\\\/\\\/arbeitgeber.de\\\/en\\\/harnessing-the-potential-of-international-students-and-trainees-for-germanys-future\\\/#primaryimage\"},\"image\":{\"@id\":\"https:\\\/\\\/arbeitgeber.de\\\/en\\\/harnessing-the-potential-of-international-students-and-trainees-for-germanys-future\\\/#primaryimage\"},\"thumbnailUrl\":\"https:\\\/\\\/arbeitgeber.de\\\/wp-content\\\/uploads\\\/bda-arbeitgeber-agenda-themaderwoche-studierende-2025_25-552x274-1.png\",\"datePublished\":\"2025-12-10T14:28:15+00:00\",\"dateModified\":\"2025-12-17T10:24:29+00:00\",\"description\":\"Germany must attract and retain international students and trainees to secure skilled labor and future prosperity.\",\"breadcrumb\":{\"@id\":\"https:\\\/\\\/arbeitgeber.de\\\/en\\\/harnessing-the-potential-of-international-students-and-trainees-for-germanys-future\\\/#breadcrumb\"},\"inLanguage\":\"en-US\",\"potentialAction\":[{\"@type\":\"ReadAction\",\"target\":[\"https:\\\/\\\/arbeitgeber.de\\\/en\\\/harnessing-the-potential-of-international-students-and-trainees-for-germanys-future\\\/\"]}]},{\"@type\":\"ImageObject\",\"inLanguage\":\"en-US\",\"@id\":\"https:\\\/\\\/arbeitgeber.de\\\/en\\\/harnessing-the-potential-of-international-students-and-trainees-for-germanys-future\\\/#primaryimage\",\"url\":\"https:\\\/\\\/arbeitgeber.de\\\/wp-content\\\/uploads\\\/bda-arbeitgeber-agenda-themaderwoche-studierende-2025_25-552x274-1.png\",\"contentUrl\":\"https:\\\/\\\/arbeitgeber.de\\\/wp-content\\\/uploads\\\/bda-arbeitgeber-agenda-themaderwoche-studierende-2025_25-552x274-1.png\",\"width\":552,\"height\":274,\"caption\":\"Eine bunte Gruppe Studenten sitzt zusammen auf dem gr\u00fcnen Rasen des Campus, w\u00e4hrend sie im Freien lernen, lesen und diskutieren, mit Notizb\u00fcchern, Laptops und Rucks\u00e4cken. - \u00a9Jose Calsina\\\/AdobeStock\"},{\"@type\":\"BreadcrumbList\",\"@id\":\"https:\\\/\\\/arbeitgeber.de\\\/en\\\/harnessing-the-potential-of-international-students-and-trainees-for-germanys-future\\\/#breadcrumb\",\"itemListElement\":[{\"@type\":\"ListItem\",\"position\":1,\"name\":\"Startseite\",\"item\":\"https:\\\/\\\/arbeitgeber.de\\\/en\\\/\"},{\"@type\":\"ListItem\",\"position\":2,\"name\":\"Harnessing the potential of international students and trainees for Germany&#8217;s future\"}]},{\"@type\":\"WebSite\",\"@id\":\"https:\\\/\\\/arbeitgeber.de\\\/#website\",\"url\":\"https:\\\/\\\/arbeitgeber.de\\\/\",\"name\":\"Die Arbeitgeber\",\"description\":\"Der Spitzenverband der deutschen Wirtschaft\",\"publisher\":{\"@id\":\"https:\\\/\\\/arbeitgeber.de\\\/#organization\"},\"potentialAction\":[{\"@type\":\"SearchAction\",\"target\":{\"@type\":\"EntryPoint\",\"urlTemplate\":\"https:\\\/\\\/arbeitgeber.de\\\/?s={search_term_string}\"},\"query-input\":{\"@type\":\"PropertyValueSpecification\",\"valueRequired\":true,\"valueName\":\"search_term_string\"}}],\"inLanguage\":\"en-US\"},{\"@type\":\"Organization\",\"@id\":\"https:\\\/\\\/arbeitgeber.de\\\/#organization\",\"name\":\"Die Arbeitgeber\",\"url\":\"https:\\\/\\\/arbeitgeber.de\\\/\",\"logo\":{\"@type\":\"ImageObject\",\"inLanguage\":\"en-US\",\"@id\":\"https:\\\/\\\/arbeitgeber.de\\\/#\\\/schema\\\/logo\\\/image\\\/\",\"url\":\"https:\\\/\\\/arbeitgeber.de\\\/wp-content\\\/uploads\\\/bda-arbeitgeber-logo-512px.png\",\"contentUrl\":\"https:\\\/\\\/arbeitgeber.de\\\/wp-content\\\/uploads\\\/bda-arbeitgeber-logo-512px.png\",\"width\":512,\"height\":512,\"caption\":\"Die Arbeitgeber\"},\"image\":{\"@id\":\"https:\\\/\\\/arbeitgeber.de\\\/#\\\/schema\\\/logo\\\/image\\\/\"},\"sameAs\":[\"https:\\\/\\\/x.com\\\/DieBDA\",\"https:\\\/\\\/de.linkedin.com\\\/company\\\/bda-die-arbeitgeber\",\"https:\\\/\\\/www.youtube.com\\\/user\\\/diearbeitgeber\"]}]}<\/script>\n<!-- \/ Yoast SEO Premium plugin. -->","yoast_head_json":{"title":"Unlock Global Talent for Germany\u2019s Future","description":"Germany must attract and retain international students and trainees to secure skilled labor and future prosperity.","robots":{"index":"index","follow":"follow","max-snippet":"max-snippet:-1","max-image-preview":"max-image-preview:large","max-video-preview":"max-video-preview:-1"},"canonical":"https:\/\/arbeitgeber.de\/en\/harnessing-the-potential-of-international-students-and-trainees-for-germanys-future\/","og_locale":"en_US","og_type":"article","og_title":"Harnessing the potential of international students and trainees for Germany's future","og_url":"https:\/\/arbeitgeber.de\/en\/harnessing-the-potential-of-international-students-and-trainees-for-germanys-future\/","og_site_name":"die Arbeitgeber","article_modified_time":"2025-12-17T10:24:29+00:00","og_image":[{"width":552,"height":274,"url":"https:\/\/arbeitgeber.de\/wp-content\/uploads\/bda-arbeitgeber-agenda-themaderwoche-studierende-2025_25-552x274-1.png","type":"image\/png"}],"twitter_card":"summary_large_image","twitter_site":"@DieBDA","twitter_misc":{"Est. reading time":"1 minute"},"schema":{"@context":"https:\/\/schema.org","@graph":[{"@type":"WebPage","@id":"https:\/\/arbeitgeber.de\/en\/harnessing-the-potential-of-international-students-and-trainees-for-germanys-future\/","url":"https:\/\/arbeitgeber.de\/en\/harnessing-the-potential-of-international-students-and-trainees-for-germanys-future\/","name":"Unlock Global Talent for Germany\u2019s Future","isPartOf":{"@id":"https:\/\/arbeitgeber.de\/#website"},"primaryImageOfPage":{"@id":"https:\/\/arbeitgeber.de\/en\/harnessing-the-potential-of-international-students-and-trainees-for-germanys-future\/#primaryimage"},"image":{"@id":"https:\/\/arbeitgeber.de\/en\/harnessing-the-potential-of-international-students-and-trainees-for-germanys-future\/#primaryimage"},"thumbnailUrl":"https:\/\/arbeitgeber.de\/wp-content\/uploads\/bda-arbeitgeber-agenda-themaderwoche-studierende-2025_25-552x274-1.png","datePublished":"2025-12-10T14:28:15+00:00","dateModified":"2025-12-17T10:24:29+00:00","description":"Germany must attract and retain international students and trainees to secure skilled labor and future prosperity.","breadcrumb":{"@id":"https:\/\/arbeitgeber.de\/en\/harnessing-the-potential-of-international-students-and-trainees-for-germanys-future\/#breadcrumb"},"inLanguage":"en-US","potentialAction":[{"@type":"ReadAction","target":["https:\/\/arbeitgeber.de\/en\/harnessing-the-potential-of-international-students-and-trainees-for-germanys-future\/"]}]},{"@type":"ImageObject","inLanguage":"en-US","@id":"https:\/\/arbeitgeber.de\/en\/harnessing-the-potential-of-international-students-and-trainees-for-germanys-future\/#primaryimage","url":"https:\/\/arbeitgeber.de\/wp-content\/uploads\/bda-arbeitgeber-agenda-themaderwoche-studierende-2025_25-552x274-1.png","contentUrl":"https:\/\/arbeitgeber.de\/wp-content\/uploads\/bda-arbeitgeber-agenda-themaderwoche-studierende-2025_25-552x274-1.png","width":552,"height":274,"caption":"Eine bunte Gruppe Studenten sitzt zusammen auf dem gr\u00fcnen Rasen des Campus, w\u00e4hrend sie im Freien lernen, lesen und diskutieren, mit Notizb\u00fcchern, Laptops und Rucks\u00e4cken. - \u00a9Jose Calsina\/AdobeStock"},{"@type":"BreadcrumbList","@id":"https:\/\/arbeitgeber.de\/en\/harnessing-the-potential-of-international-students-and-trainees-for-germanys-future\/#breadcrumb","itemListElement":[{"@type":"ListItem","position":1,"name":"Startseite","item":"https:\/\/arbeitgeber.de\/en\/"},{"@type":"ListItem","position":2,"name":"Harnessing the potential of international students and trainees for Germany&#8217;s future"}]},{"@type":"WebSite","@id":"https:\/\/arbeitgeber.de\/#website","url":"https:\/\/arbeitgeber.de\/","name":"Die Arbeitgeber","description":"Der Spitzenverband der deutschen Wirtschaft","publisher":{"@id":"https:\/\/arbeitgeber.de\/#organization"},"potentialAction":[{"@type":"SearchAction","target":{"@type":"EntryPoint","urlTemplate":"https:\/\/arbeitgeber.de\/?s={search_term_string}"},"query-input":{"@type":"PropertyValueSpecification","valueRequired":true,"valueName":"search_term_string"}}],"inLanguage":"en-US"},{"@type":"Organization","@id":"https:\/\/arbeitgeber.de\/#organization","name":"Die Arbeitgeber","url":"https:\/\/arbeitgeber.de\/","logo":{"@type":"ImageObject","inLanguage":"en-US","@id":"https:\/\/arbeitgeber.de\/#\/schema\/logo\/image\/","url":"https:\/\/arbeitgeber.de\/wp-content\/uploads\/bda-arbeitgeber-logo-512px.png","contentUrl":"https:\/\/arbeitgeber.de\/wp-content\/uploads\/bda-arbeitgeber-logo-512px.png","width":512,"height":512,"caption":"Die Arbeitgeber"},"image":{"@id":"https:\/\/arbeitgeber.de\/#\/schema\/logo\/image\/"},"sameAs":["https:\/\/x.com\/DieBDA","https:\/\/de.linkedin.com\/company\/bda-die-arbeitgeber","https:\/\/www.youtube.com\/user\/diearbeitgeber"]}]}},"_links":{"self":[{"href":"https:\/\/arbeitgeber.de\/en\/wp-json\/wp\/v2\/pages\/34695","targetHints":{"allow":["GET"]}}],"collection":[{"href":"https:\/\/arbeitgeber.de\/en\/wp-json\/wp\/v2\/pages"}],"about":[{"href":"https:\/\/arbeitgeber.de\/en\/wp-json\/wp\/v2\/types\/page"}],"author":[{"embeddable":true,"href":"https:\/\/arbeitgeber.de\/en\/wp-json\/wp\/v2\/users\/9"}],"replies":[{"embeddable":true,"href":"https:\/\/arbeitgeber.de\/en\/wp-json\/wp\/v2\/comments?post=34695"}],"version-history":[{"count":5,"href":"https:\/\/arbeitgeber.de\/en\/wp-json\/wp\/v2\/pages\/34695\/revisions"}],"predecessor-version":[{"id":34760,"href":"https:\/\/arbeitgeber.de\/en\/wp-json\/wp\/v2\/pages\/34695\/revisions\/34760"}],"wp:featuredmedia":[{"embeddable":true,"href":"https:\/\/arbeitgeber.de\/en\/wp-json\/wp\/v2\/media\/34699"}],"wp:attachment":[{"href":"https:\/\/arbeitgeber.de\/en\/wp-json\/wp\/v2\/media?parent=34695"}],"wp:term":[{"taxonomy":"category","embeddable":true,"href":"https:\/\/arbeitgeber.de\/en\/wp-json\/wp\/v2\/categories?post=34695"},{"taxonomy":"post_tag","embeddable":true,"href":"https:\/\/arbeitgeber.de\/en\/wp-json\/wp\/v2\/tags?post=34695"}],"curies":[{"name":"wp","href":"https:\/\/api.w.org\/{rel}","templated":true}]}}